{"id":24098,"date":"2017-08-04T19:21:00","date_gmt":"2017-08-04T17:21:00","guid":{"rendered":"https:\/\/www.pedro-gandia.com\/literature\/articulos\/"},"modified":"2017-10-08T14:35:44","modified_gmt":"2017-10-08T12:35:44","slug":"articles","status":"publish","type":"page","link":"https:\/\/www.pedro-gandia.com\/en\/literature\/articles\/","title":{"rendered":"Articles"},"content":{"rendered":"<div class=\"wpb-content-wrapper\"><p>[vc_row row_type=&#8221;row&#8221; use_row_as_full_screen_section=&#8221;no&#8221; type=&#8221;full_width&#8221; text_align=&#8221;left&#8221; background_animation=&#8221;none&#8221; css_animation=&#8221;&#8221;][vc_column][vc_column_text]<\/p>\n<p style=\"text-align: center;\"><span style=\"font-size: 18pt; color: #808080;\">ARTICLES<\/span><\/p>\n<p>[\/vc_column_text][\/vc_column][\/vc_row][vc_row row_type=&#8221;row&#8221; use_row_as_full_screen_section=&#8221;no&#8221; type=&#8221;full_width&#8221; text_align=&#8221;left&#8221; background_animation=&#8221;none&#8221; css_animation=&#8221;&#8221;][vc_column][vc_empty_space height=&#8221;60px&#8221;]<div class='latest_post_holder boxes three_columns five_rows'><ul><li class=\"clearfix\"><div class=\"boxes_image\"><a href=\"https:\/\/www.pedro-gandia.com\/en\/jose-maria-ribelles-poeta-en-el-azul\/\"><span class=\"latest_post_overlay\"><i class=\"icon_plus\" aria-hidden=\"true\"><\/i><\/span><\/a><\/div><div class=\"latest_post\" ><div class=\"latest_post_text\"><span class=\"date_holder post_info_section\"><span class=\"date\">2017<\/span><\/span><h4 class=\"latest_post_title \"><a href=\"https:\/\/www.pedro-gandia.com\/en\/jose-maria-ribelles-poeta-en-el-azul\/\">JOSE MAR\u00cdA RIBELLES, POETA EN EL AZUL<\/a><\/h4><p class=\"excerpt\">El arte, lo sabemos, es trasgresi\u00f3n. Lo que le confiere su valor sagrado. El arte es el \u00faltimo reducto de lo sagrado. Trasgresi\u00f3n del orden racional del trabajo; actividad in\u00fatil del arte no solo en el sentido de la doctrina de l\u2019art pour l\u2019art, esa teolog\u00eda del arte y su idea de pureza que...<\/p><\/div><\/div><\/li><li class=\"clearfix\"><div class=\"boxes_image\"><a href=\"https:\/\/www.pedro-gandia.com\/en\/rafael-garrido-gonzalez-otra-poesia-cubana\/\"><span class=\"latest_post_overlay\"><i class=\"icon_plus\" aria-hidden=\"true\"><\/i><\/span><\/a><\/div><div class=\"latest_post\" ><div class=\"latest_post_text\"><span class=\"date_holder post_info_section\"><span class=\"date\">2016<\/span><\/span><h4 class=\"latest_post_title \"><a href=\"https:\/\/www.pedro-gandia.com\/en\/rafael-garrido-gonzalez-otra-poesia-cubana\/\">RAFAEL GARRIDO GONZ\u00c1LEZ, OTRA POESIA CUBANA<\/a><\/h4><p class=\"excerpt\">En ninguna antolog\u00eda cubana figuraba su nombre cuando lo conoc\u00ed en La Habana, en el verano de 1995. Aquel \u201csin tierra\u201d, aquel \u201cpalestino\u201d, as\u00ed lo llamaban los habaneros, hab\u00eda llegado a la capital huyendo de la miseria de Oriente, de la hambruna de su reparto, del reparto Van Van, el m\u00e1...<\/p><\/div><\/div><\/li><li class=\"clearfix\"><div class=\"boxes_image\"><a href=\"https:\/\/www.pedro-gandia.com\/en\/bajo-vespero-de-amador-palacios\/\"><span class=\"latest_post_overlay\"><i class=\"icon_plus\" aria-hidden=\"true\"><\/i><\/span><\/a><\/div><div class=\"latest_post\" ><div class=\"latest_post_text\"><span class=\"date_holder post_info_section\"><span class=\"date\">2015<\/span><\/span><h4 class=\"latest_post_title \"><a href=\"https:\/\/www.pedro-gandia.com\/en\/bajo-vespero-de-amador-palacios\/\">BAJO V\u00c9SPERO DE AMADOR PALACIOS<\/a><\/h4><p class=\"excerpt\">Un esp\u00edritu fluye como el agua entre los escollos de la existencia. Esp\u00edritu de gran intuici\u00f3n, innata curiosidad y mentalidad positiva; personificaci\u00f3n del entusiasmo idealista, del optimismo como una forma de fe ciega. No esp\u00edritu so\u00f1ador: sus sue\u00f1os \u2014pr\u00e1cticos, pintados con v\u00edvida y de...<\/p><\/div><\/div><\/li><li class=\"clearfix\"><div class=\"boxes_image\"><a href=\"https:\/\/www.pedro-gandia.com\/en\/la-antologia-personal-de-ruben-dario\/\"><span class=\"latest_post_overlay\"><i class=\"icon_plus\" aria-hidden=\"true\"><\/i><\/span><\/a><\/div><div class=\"latest_post\" ><div class=\"latest_post_text\"><span class=\"date_holder post_info_section\"><span class=\"date\">2013<\/span><\/span><h4 class=\"latest_post_title \"><a href=\"https:\/\/www.pedro-gandia.com\/en\/la-antologia-personal-de-ruben-dario\/\">LA ANTOLOG\u00cdA PERSONAL DE RUB\u00c9N DAR\u00cdO<\/a><\/h4><p class=\"excerpt\">La Antolog\u00eda personal de Rub\u00e9n Dar\u00edo es una novedad. Acaba de aparecer en M\u00e9xico, y para toda Am\u00e9rica Latina, bajo el sello de Joaqu\u00edn Mortiz, del Grupo Planeta, uno de los m\u00e1s reconocidos por su prestigio en el mundo editorial. La edici\u00f3n ha estado a cargo del escritor nicarag\u00fcense Ricardo...<\/p><\/div><\/div><\/li><li class=\"clearfix\"><div class=\"boxes_image\"><a href=\"https:\/\/www.pedro-gandia.com\/en\/puro-pasolini-o-el-artista-natural\/\"><span class=\"latest_post_overlay\"><i class=\"icon_plus\" aria-hidden=\"true\"><\/i><\/span><\/a><\/div><div class=\"latest_post\" ><div class=\"latest_post_text\"><span class=\"date_holder post_info_section\"><span class=\"date\">2010<\/span><\/span><h4 class=\"latest_post_title \"><a href=\"https:\/\/www.pedro-gandia.com\/en\/puro-pasolini-o-el-artista-natural\/\">PURO PASOLINI O EL ARTISTA NATURAL<\/a><\/h4><p class=\"excerpt\">Todo Estado es fascista, sus mecanismos de poder -instituciones, leyes, sistema educativo\u2026-, y los gobernantes de turno, los chantajistas en los que se autoriza.\r\n\r\nNuestra raz\u00f3n est\u00e1 organizada para reconocer la realidad, para verla y percibir la verdad. Pero es la sociedad, determinando nuestr...<\/p><\/div><\/div><\/li><li class=\"clearfix\"><div class=\"boxes_image\"><a href=\"https:\/\/www.pedro-gandia.com\/en\/los-mundos-y-los-dias-poesia-1972-1998-de-luis-alberto-cuenca\/\"><span class=\"latest_post_overlay\"><i class=\"icon_plus\" aria-hidden=\"true\"><\/i><\/span><\/a><\/div><div class=\"latest_post\" ><div class=\"latest_post_text\"><span class=\"date_holder post_info_section\"><span class=\"date\">1999<\/span><\/span><h4 class=\"latest_post_title \"><a href=\"https:\/\/www.pedro-gandia.com\/en\/los-mundos-y-los-dias-poesia-1972-1998-de-luis-alberto-cuenca\/\">LOS MUNDOS Y LOS D\u00cdAS (POES\u00cdA 1972-1998) DE LUIS ALBERTO CUENCA<\/a><\/h4><p class=\"excerpt\">Ciento noventa a\u00f1os y medio despu\u00e9s del nacimiento de G\u00e9rard de Nerval en la ciudad de Par\u00eds\u201d, as\u00ed reza el cr\u00e9dito final de este libro, Luis Alberto de Cuenca (Madrid, 1950) nos entrega de nuevo, revisada y corregida, su obra po\u00e9tica publicada hasta hoy. Son Los mundos y los d\u00edas (Madrid, ...<\/p><\/div><\/div><\/li><li class=\"clearfix\"><div class=\"boxes_image\"><a href=\"https:\/\/www.pedro-gandia.com\/en\/el-arbol-axial-una-poesia-alternativa\/\"><span class=\"latest_post_overlay\"><i class=\"icon_plus\" aria-hidden=\"true\"><\/i><\/span><\/a><\/div><div class=\"latest_post\" ><div class=\"latest_post_text\"><span class=\"date_holder post_info_section\"><span class=\"date\">1997<\/span><\/span><h4 class=\"latest_post_title \"><a href=\"https:\/\/www.pedro-gandia.com\/en\/el-arbol-axial-una-poesia-alternativa\/\">EL \u00c1RBOL AXIAL, UNA POES\u00cdA ALTERNATIVA<\/a><\/h4><p class=\"excerpt\">Baudelaire denunci\u00f3 el fracaso del movimiento en boga aspirando a desaparecer como autor en una perpetua novedad. Y conden\u00f3 el yo inflado, la inspiraci\u00f3n, el sentimentalismo, el compromiso moral, el documental realista. Luego entr\u00f3 en escena Rimbaud, el m\u00edstico salvaje, y arremeti\u00f3 contra los ...<\/p><\/div><\/div><\/li><li class=\"clearfix\"><div class=\"boxes_image\"><a href=\"https:\/\/www.pedro-gandia.com\/en\/paraiso-terrenal-de-ricardo-llopesa\/\"><span class=\"latest_post_overlay\"><i class=\"icon_plus\" aria-hidden=\"true\"><\/i><\/span><\/a><\/div><div class=\"latest_post\" ><div class=\"latest_post_text\"><span class=\"date_holder post_info_section\"><span class=\"date\">1996<\/span><\/span><h4 class=\"latest_post_title \"><a href=\"https:\/\/www.pedro-gandia.com\/en\/paraiso-terrenal-de-ricardo-llopesa\/\">PARA\u00cdSO TERRENAL DE RICARDO LLOPESA<\/a><\/h4><p class=\"excerpt\">Para\u00edso terrenal (Instituto de Estudios Modernistas, Valencia, 1996), el \u00faltimo poemario publicado de Ricardo Llopesa (Masaya, Nicaragua, 1948), es un libro escrito en 1985, una alegor\u00eda en torno al tema del alcohol, treinta poemas como p\u00e1ginas de una vida. O lo que se sabe del vivir, desde la r...<\/p><\/div><\/div><\/li><li class=\"clearfix\"><div class=\"boxes_image\"><a href=\"https:\/\/www.pedro-gandia.com\/en\/ricardo-llopesa-la-poesia-del-yo\/\"><span class=\"latest_post_overlay\"><i class=\"icon_plus\" aria-hidden=\"true\"><\/i><\/span><\/a><\/div><div class=\"latest_post\" ><div class=\"latest_post_text\"><span class=\"date_holder post_info_section\"><span class=\"date\">1994<\/span><\/span><h4 class=\"latest_post_title \"><a href=\"https:\/\/www.pedro-gandia.com\/en\/ricardo-llopesa-la-poesia-del-yo\/\">RICARDO LLOPESA. LA POES\u00cdA DEL YO<\/a><\/h4><p class=\"excerpt\">En el panorama literario en lengua castellana, el nicarag\u00fcense Ricardo Llopesa (Masaya 1948), afincado en Espa\u00f1a desde 1965, viene destacando hasta hoy, anto en el terreno de la investigaci\u00f3n de temas sobre el Modernismo como en la cr\u00edtica literaria. Frutos, hasta ahora, de este quehacer son sus...<\/p><\/div><\/div><\/li><li class=\"clearfix\"><div class=\"boxes_image\"><a href=\"https:\/\/www.pedro-gandia.com\/en\/el-conocimiento-del-no-conocimiento\/\"><span class=\"latest_post_overlay\"><i class=\"icon_plus\" aria-hidden=\"true\"><\/i><\/span><\/a><\/div><div class=\"latest_post\" ><div class=\"latest_post_text\"><span class=\"date_holder post_info_section\"><span class=\"date\">1991<\/span><\/span><h4 class=\"latest_post_title \"><a href=\"https:\/\/www.pedro-gandia.com\/en\/el-conocimiento-del-no-conocimiento\/\">EL CONOCIMIENTO DEL NO CONOCIMIENTO<\/a><\/h4><p class=\"excerpt\">Porque amar, verdaderamente, consiste en centrar en alguien la atracci\u00f3n del cosmos\u201d. Esta definici\u00f3n lapidaria de la acci\u00f3n amorosa se repite casi id\u00e9ntica en tres novelas de Juan Gil-Albert \u2015Valent\u00edn (1974), Los arc\u00e1ngeles (1981) y Tobeyo o Del Amor (1990)\u2015, y no de un modo fortuito si...<\/p><\/div><\/div><\/li><\/ul><\/div>[\/vc_column][\/vc_row]<\/p>\n<\/div>","protected":false},"excerpt":{"rendered":"<p>[vc_row row_type=&#8221;row&#8221; use_row_as_full_screen_section=&#8221;no&#8221; type=&#8221;full_width&#8221; text_align=&#8221;left&#8221; background_animation=&#8221;none&#8221; css_animation=&#8221;&#8221;][vc_column][vc_column_text] ARTICLES [\/vc_column_text][\/vc_column][\/vc_row][vc_row row_type=&#8221;row&#8221; use_row_as_full_screen_section=&#8221;no&#8221; type=&#8221;full_width&#8221; text_align=&#8221;left&#8221; background_animation=&#8221;none&#8221; css_animation=&#8221;&#8221;][vc_column][vc_empty_space height=&#8221;60px&#8221;][\/vc_column][\/vc_row]<\/p>\n","protected":false},"author":1,"featured_media":25231,"parent":24092,"menu_order":0,"comment_status":"closed","ping_status":"closed","template":"","meta":{"footnotes":""},"class_list":["post-24098","page","type-page","status-publish","has-post-thumbnail","hentry"],"yoast_head":"<!-- This site is optimized with the Yoast SEO plugin v27.4 - https:\/\/yoast.com\/product\/yoast-seo-wordpress\/ -->\n<title>Pedro Gand\u00eda | Articles<\/title>\n<meta name=\"description\" content=\"Pedro Gand\u00eda Articles. Was born on August 4, 1953, in Minglanilla, Cuenca, Spain, where he lived until he was nine years old. He studied secondary...\" \/>\n<meta name=\"robots\" content=\"index, follow, max-snippet:-1, max-image-preview:large, max-video-preview:-1\" \/>\n<link rel=\"canonical\" href=\"https:\/\/www.pedro-gandia.com\/en\/literature\/articles\/\" \/>\n<meta property=\"og:locale\" content=\"en_US\" \/>\n<meta property=\"og:type\" content=\"article\" \/>\n<meta property=\"og:title\" content=\"Pedro Gand\u00eda | Articles\" \/>\n<meta property=\"og:description\" content=\"Pedro Gand\u00eda Articles. Was born on August 4, 1953, in Minglanilla, Cuenca, Spain, where he lived until he was nine years old. He studied secondary...\" \/>\n<meta property=\"og:url\" content=\"https:\/\/www.pedro-gandia.com\/en\/literature\/articles\/\" \/>\n<meta property=\"og:site_name\" content=\"Pedro Gand\u00eda\" \/>\n<meta property=\"article:modified_time\" content=\"2017-10-08T12:35:44+00:00\" \/>\n<meta property=\"og:image\" content=\"https:\/\/www.pedro-gandia.com\/wp-content\/uploads\/Pedro-Gandi\u0301a-Arti\u0301culos.jpg\" \/>\n\t<meta property=\"og:image:width\" content=\"1000\" \/>\n\t<meta property=\"og:image:height\" content=\"280\" \/>\n\t<meta property=\"og:image:type\" content=\"image\/jpeg\" \/>\n<meta name=\"twitter:card\" content=\"summary_large_image\" \/>\n<meta name=\"twitter:site\" content=\"@pedrogandia\" \/>\n<!-- \/ Yoast SEO plugin. -->","yoast_head_json":{"title":"Pedro Gand\u00eda | Articles","description":"Pedro Gand\u00eda Articles. Was born on August 4, 1953, in Minglanilla, Cuenca, Spain, where he lived until he was nine years old. He studied secondary...","robots":{"index":"index","follow":"follow","max-snippet":"max-snippet:-1","max-image-preview":"max-image-preview:large","max-video-preview":"max-video-preview:-1"},"canonical":"https:\/\/www.pedro-gandia.com\/en\/literature\/articles\/","og_locale":"en_US","og_type":"article","og_title":"Pedro Gand\u00eda | Articles","og_description":"Pedro Gand\u00eda Articles. Was born on August 4, 1953, in Minglanilla, Cuenca, Spain, where he lived until he was nine years old. He studied secondary...","og_url":"https:\/\/www.pedro-gandia.com\/en\/literature\/articles\/","og_site_name":"Pedro Gand\u00eda","article_modified_time":"2017-10-08T12:35:44+00:00","og_image":[{"width":1000,"height":280,"url":"https:\/\/www.pedro-gandia.com\/wp-content\/uploads\/Pedro-Gandi\u0301a-Arti\u0301culos.jpg","type":"image\/jpeg"}],"twitter_card":"summary_large_image","twitter_site":"@pedrogandia","schema":{"@context":"https:\/\/schema.org","@graph":[{"@type":"WebPage","@id":"https:\/\/www.pedro-gandia.com\/en\/literature\/articles\/","url":"https:\/\/www.pedro-gandia.com\/en\/literature\/articles\/","name":"Pedro Gand\u00eda | Articles","isPartOf":{"@id":"https:\/\/www.pedro-gandia.com\/en\/#website"},"primaryImageOfPage":{"@id":"https:\/\/www.pedro-gandia.com\/en\/literature\/articles\/#primaryimage"},"image":{"@id":"https:\/\/www.pedro-gandia.com\/en\/literature\/articles\/#primaryimage"},"thumbnailUrl":"https:\/\/www.pedro-gandia.com\/wp-content\/uploads\/Pedro-Gandi\u0301a-Arti\u0301culos.jpg","datePublished":"2017-08-04T17:21:00+00:00","dateModified":"2017-10-08T12:35:44+00:00","description":"Pedro Gand\u00eda Articles. Was born on August 4, 1953, in Minglanilla, Cuenca, Spain, where he lived until he was nine years old. He studied secondary...","breadcrumb":{"@id":"https:\/\/www.pedro-gandia.com\/en\/literature\/articles\/#breadcrumb"},"inLanguage":"en-US","potentialAction":[{"@type":"ReadAction","target":["https:\/\/www.pedro-gandia.com\/en\/literature\/articles\/"]}]},{"@type":"ImageObject","inLanguage":"en-US","@id":"https:\/\/www.pedro-gandia.com\/en\/literature\/articles\/#primaryimage","url":"https:\/\/www.pedro-gandia.com\/wp-content\/uploads\/Pedro-Gandi\u0301a-Arti\u0301culos.jpg","contentUrl":"https:\/\/www.pedro-gandia.com\/wp-content\/uploads\/Pedro-Gandi\u0301a-Arti\u0301culos.jpg","width":1000,"height":280,"caption":"Pedro Gand\u00eda Articles"},{"@type":"BreadcrumbList","@id":"https:\/\/www.pedro-gandia.com\/en\/literature\/articles\/#breadcrumb","itemListElement":[{"@type":"ListItem","position":1,"name":"Portada","item":"https:\/\/www.pedro-gandia.com\/en\/"},{"@type":"ListItem","position":2,"name":"Literature","item":"https:\/\/www.pedro-gandia.com\/en\/literature\/"},{"@type":"ListItem","position":3,"name":"Articles"}]},{"@type":"WebSite","@id":"https:\/\/www.pedro-gandia.com\/en\/#website","url":"https:\/\/www.pedro-gandia.com\/en\/","name":"Pedro Gand\u00eda","description":"Art &amp; Literature","publisher":{"@id":"https:\/\/www.pedro-gandia.com\/en\/#\/schema\/person\/d49ed006e171e8c59bc069054e7cda51"},"potentialAction":[{"@type":"SearchAction","target":{"@type":"EntryPoint","urlTemplate":"https:\/\/www.pedro-gandia.com\/en\/?s={search_term_string}"},"query-input":{"@type":"PropertyValueSpecification","valueRequired":true,"valueName":"search_term_string"}}],"inLanguage":"en-US"},{"@type":["Person","Organization"],"@id":"https:\/\/www.pedro-gandia.com\/en\/#\/schema\/person\/d49ed006e171e8c59bc069054e7cda51","name":"Pedro Gand\u00eda","image":{"@type":"ImageObject","inLanguage":"en-US","@id":"https:\/\/secure.gravatar.com\/avatar\/46bb0d1adf0a5fcee6569ffb3fb75a79932bbcd104688fc95eb2e268b1276ae2?s=96&d=mm&r=g","url":"https:\/\/secure.gravatar.com\/avatar\/46bb0d1adf0a5fcee6569ffb3fb75a79932bbcd104688fc95eb2e268b1276ae2?s=96&d=mm&r=g","contentUrl":"https:\/\/secure.gravatar.com\/avatar\/46bb0d1adf0a5fcee6569ffb3fb75a79932bbcd104688fc95eb2e268b1276ae2?s=96&d=mm&r=g","caption":"Pedro Gand\u00eda"},"logo":{"@id":"https:\/\/secure.gravatar.com\/avatar\/46bb0d1adf0a5fcee6569ffb3fb75a79932bbcd104688fc95eb2e268b1276ae2?s=96&d=mm&r=g"}}]}},"_links":{"self":[{"href":"https:\/\/www.pedro-gandia.com\/en\/wp-json\/wp\/v2\/pages\/24098","targetHints":{"allow":["GET"]}}],"collection":[{"href":"https:\/\/www.pedro-gandia.com\/en\/wp-json\/wp\/v2\/pages"}],"about":[{"href":"https:\/\/www.pedro-gandia.com\/en\/wp-json\/wp\/v2\/types\/page"}],"author":[{"embeddable":true,"href":"https:\/\/www.pedro-gandia.com\/en\/wp-json\/wp\/v2\/users\/1"}],"replies":[{"embeddable":true,"href":"https:\/\/www.pedro-gandia.com\/en\/wp-json\/wp\/v2\/comments?post=24098"}],"version-history":[{"count":0,"href":"https:\/\/www.pedro-gandia.com\/en\/wp-json\/wp\/v2\/pages\/24098\/revisions"}],"up":[{"embeddable":true,"href":"https:\/\/www.pedro-gandia.com\/en\/wp-json\/wp\/v2\/pages\/24092"}],"wp:featuredmedia":[{"embeddable":true,"href":"https:\/\/www.pedro-gandia.com\/en\/wp-json\/wp\/v2\/media\/25231"}],"wp:attachment":[{"href":"https:\/\/www.pedro-gandia.com\/en\/wp-json\/wp\/v2\/media?parent=24098"}],"curies":[{"name":"wp","href":"https:\/\/api.w.org\/{rel}","templated":true}]}}